{"id":82,"date":"2025-09-08T16:40:46","date_gmt":"2025-09-08T16:40:46","guid":{"rendered":"https:\/\/contravirtual.jalisco.gob.mx\/nodos\/?page_id=82"},"modified":"2026-01-13T14:50:02","modified_gmt":"2026-01-13T20:50:02","slug":"ediciones","status":"publish","type":"page","link":"https:\/\/contravirtual.jalisco.gob.mx\/nodos\/ediciones\/","title":{"rendered":"Ediciones"},"content":{"rendered":"<div align=\"left\" class=\"issues-grid cols-2\"><a class=\"issue-card\" href=\"https:\/\/contravirtual.jalisco.gob.mx\/nodos\/issue\/nodos5\/\"><img decoding=\"async\" class=\"issue-cover\" src=\"https:\/\/contravirtual.jalisco.gob.mx\/nodos\/wp-content\/uploads\/2026\/01\/Portada-5.png\" alt=\"Nodos 5\"><\/a><div class=\"issue-meta\"><div class=\"issue-num\">N.<span>05<\/span><\/div><div class=\"issue-dates\">diciembre 2025-mayo 2026 | Liderazgos femeninos en la agenda p\u00fablica<\/div><a class='ct-menu-link' href='https:\/\/contravirtual.jalisco.gob.mx\/nodos\/wp-content\/uploads\/2026\/01\/Revista-NODOS-5.pdf' target='_blank'>Descargar<\/a><\/div><a class=\"issue-card\" href=\"https:\/\/contravirtual.jalisco.gob.mx\/nodos\/issue\/nodos4\/\"><img decoding=\"async\" class=\"issue-cover\" src=\"https:\/\/contravirtual.jalisco.gob.mx\/nodos\/wp-content\/uploads\/2025\/10\/N.04.jpg\" alt=\"Nodos 4\"><\/a><div class=\"issue-meta\"><div class=\"issue-num\">N.<span>04<\/span><\/div><div class=\"issue-dates\">junio-noviembre 2025 | Gobernanza digital: transformaci\u00f3n e innovaci\u00f3n en la gesti\u00f3n p\u00fablica<\/div><a class='ct-menu-link' href='https:\/\/contravirtual.jalisco.gob.mx\/nodos\/wp-content\/uploads\/2025\/09\/NODOS_DIGITAL_04.pdf' target='_blank'>Descargar<\/a><\/div><a class=\"issue-card\" href=\"https:\/\/contravirtual.jalisco.gob.mx\/nodos\/issue\/nodos3\/\"><img decoding=\"async\" class=\"issue-cover\" src=\"https:\/\/contravirtual.jalisco.gob.mx\/nodos\/wp-content\/uploads\/2025\/10\/N.03.jpg\" alt=\"Nodos 3\"><\/a><div class=\"issue-meta\"><div class=\"issue-num\">N.<span>03<\/span><\/div><div class=\"issue-dates\">diciembre 2024-mayo 2025 | Gobernanza: democratizaci\u00f3n de la gesti\u00f3n p\u00fablica desde la participaci\u00f3n ciudadana<\/div><a class='ct-menu-link' href='' target='_blank'>Descargar<\/a><\/div><a class=\"issue-card\" href=\"https:\/\/contravirtual.jalisco.gob.mx\/nodos\/issue\/nodos2\/\"><img decoding=\"async\" class=\"issue-cover\" src=\"https:\/\/contravirtual.jalisco.gob.mx\/nodos\/wp-content\/uploads\/2025\/10\/N.02.jpg\" alt=\"Nodos 2\"><\/a><div class=\"issue-meta\"><div class=\"issue-num\">N.<span>02<\/span><\/div><div class=\"issue-dates\">junio-noviembre 2024 | Integridad p\u00fablica: una estrategia hacia la eficiencia gubernamental<\/div><a class='ct-menu-link' href='' target='_blank'>Descargar<\/a><\/div><a class=\"issue-card\" href=\"https:\/\/contravirtual.jalisco.gob.mx\/nodos\/issue\/nodos1\/\"><img decoding=\"async\" class=\"issue-cover\" src=\"https:\/\/contravirtual.jalisco.gob.mx\/nodos\/wp-content\/uploads\/2025\/10\/N.01.jpg\" alt=\"Nodos 1\"><\/a><div class=\"issue-meta\"><div class=\"issue-num\">N.<span>01<\/span><\/div><div class=\"issue-dates\">diciembre 2023-mayo 2024 | El proceso de entrega-recepci\u00f3n<\/div><a class='ct-menu-link' href='' target='_blank'>Descargar<\/a><\/div><\/div>\n","protected":false},"excerpt":{"rendered":"<p>Nodos 4 &nbsp; Nodos 3 &nbsp; Nodos 2 &nbsp; Nodos 1 &nbsp;<\/p>\n","protected":false},"author":1,"featured_media":0,"parent":0,"menu_order":0,"comment_status":"closed","ping_status":"closed","template":"","meta":{"iawp_total_views":82,"footnotes":""},"class_list":["post-82","page","type-page","status-publish","hentry"],"blocksy_meta":[],"_links":{"self":[{"href":"https:\/\/contravirtual.jalisco.gob.mx\/nodos\/wp-json\/wp\/v2\/pages\/82","targetHints":{"allow":["GET"]}}],"collection":[{"href":"https:\/\/contravirtual.jalisco.gob.mx\/nodos\/wp-json\/wp\/v2\/pages"}],"about":[{"href":"https:\/\/contravirtual.jalisco.gob.mx\/nodos\/wp-json\/wp\/v2\/types\/page"}],"author":[{"embeddable":true,"href":"https:\/\/contravirtual.jalisco.gob.mx\/nodos\/wp-json\/wp\/v2\/users\/1"}],"replies":[{"embeddable":true,"href":"https:\/\/contravirtual.jalisco.gob.mx\/nodos\/wp-json\/wp\/v2\/comments?post=82"}],"version-history":[{"count":10,"href":"https:\/\/contravirtual.jalisco.gob.mx\/nodos\/wp-json\/wp\/v2\/pages\/82\/revisions"}],"predecessor-version":[{"id":1167,"href":"https:\/\/contravirtual.jalisco.gob.mx\/nodos\/wp-json\/wp\/v2\/pages\/82\/revisions\/1167"}],"wp:attachment":[{"href":"https:\/\/contravirtual.jalisco.gob.mx\/nodos\/wp-json\/wp\/v2\/media?parent=82"}],"curies":[{"name":"wp","href":"https:\/\/api.w.org\/{rel}","templated":true}]}}