{"id":42,"date":"2025-09-08T15:35:34","date_gmt":"2025-09-08T15:35:34","guid":{"rendered":"https:\/\/contravirtual.jalisco.gob.mx\/nodos\/?page_id=42"},"modified":"2026-01-22T13:10:55","modified_gmt":"2026-01-22T19:10:55","slug":"contacto","status":"publish","type":"page","link":"https:\/\/contravirtual.jalisco.gob.mx\/nodos\/contacto\/","title":{"rendered":"Contacto"},"content":{"rendered":"\n<h1 class=\"wp-block-heading\">Informaci\u00f3n de contacto<\/h1>\n\n\n\n<div class=\"wp-block-group is-layout-constrained wp-block-group-is-layout-constrained\">\n<h5 class=\"wp-block-heading\">Contralor\u00eda de Estado de Jalisco<br><strong><span style=\"color: #0f0e17;\" class=\"stk-highlight\">Av. Ignacio L. Vallarta 1252, col. Americana, C.P. 44100 Guadalajara, Jalisco, M\u00e9xico.<\/span><\/strong><\/h5>\n\n\n\n<h5 class=\"wp-block-heading\"><span style=\"color: var(--theme-palette-color-4, #192a3d);\" class=\"stk-highlight\">Tel\u00e9fono: <strong>331 543 9470<\/strong> <br>Extensi\u00f3n: <strong>50702<\/strong><\/span><\/h5>\n\n\n\n<h5 class=\"wp-block-heading\"><span style=\"color: #000000;\" class=\"stk-highlight\">Correo electr\u00f3nico: editorial.ce@jalisco.gob.m<\/span><span style=\"color: #0f0e17;\" class=\"stk-highlight\">x<\/span><\/h5>\n<\/div>\n\n\n\n<p><\/p>\n","protected":false},"excerpt":{"rendered":"<p>Informaci\u00f3n de contacto Contralor\u00eda de Estado de JaliscoAv. Ignacio L. Vallarta 1252, col. Americana, C.P. 44100 Guadalajara, Jalisco, M\u00e9xico. Tel\u00e9fono: 331 543 9470 Extensi\u00f3n: 50702 Correo electr\u00f3nico: editorial.ce@jalisco.gob.mx<\/p>\n","protected":false},"author":1,"featured_media":0,"parent":0,"menu_order":0,"comment_status":"closed","ping_status":"closed","template":"","meta":{"iawp_total_views":22,"footnotes":""},"class_list":["post-42","page","type-page","status-publish","hentry"],"blocksy_meta":{"has_hero_section":"disabled","styles_descriptor":{"styles":{"desktop":"","tablet":"","mobile":""},"google_fonts":[],"version":6}},"_links":{"self":[{"href":"https:\/\/contravirtual.jalisco.gob.mx\/nodos\/wp-json\/wp\/v2\/pages\/42","targetHints":{"allow":["GET"]}}],"collection":[{"href":"https:\/\/contravirtual.jalisco.gob.mx\/nodos\/wp-json\/wp\/v2\/pages"}],"about":[{"href":"https:\/\/contravirtual.jalisco.gob.mx\/nodos\/wp-json\/wp\/v2\/types\/page"}],"author":[{"embeddable":true,"href":"https:\/\/contravirtual.jalisco.gob.mx\/nodos\/wp-json\/wp\/v2\/users\/1"}],"replies":[{"embeddable":true,"href":"https:\/\/contravirtual.jalisco.gob.mx\/nodos\/wp-json\/wp\/v2\/comments?post=42"}],"version-history":[{"count":9,"href":"https:\/\/contravirtual.jalisco.gob.mx\/nodos\/wp-json\/wp\/v2\/pages\/42\/revisions"}],"predecessor-version":[{"id":1224,"href":"https:\/\/contravirtual.jalisco.gob.mx\/nodos\/wp-json\/wp\/v2\/pages\/42\/revisions\/1224"}],"wp:attachment":[{"href":"https:\/\/contravirtual.jalisco.gob.mx\/nodos\/wp-json\/wp\/v2\/media?parent=42"}],"curies":[{"name":"wp","href":"https:\/\/api.w.org\/{rel}","templated":true}]}}