{"id":305,"date":"2025-09-11T19:09:17","date_gmt":"2025-09-11T19:09:17","guid":{"rendered":"https:\/\/contravirtual.jalisco.gob.mx\/nodos\/?page_id=305"},"modified":"2026-01-14T10:15:54","modified_gmt":"2026-01-14T16:15:54","slug":"inicio","status":"publish","type":"page","link":"https:\/\/contravirtual.jalisco.gob.mx\/nodos\/","title":{"rendered":"Inicio"},"content":{"rendered":"\n<div class=\"wp-block-stackable-columns alignwide stk-block-columns stk-block stk-948158f stk-block-background stk--has-background-overlay\" data-block-id=\"948158f\"><style>.stk-948158f .stk--block-align-948158f{align-items:center !important;}.stk-948158f {background-color:#00000000 !important;background-image:url(https:\/\/contravirtual.jalisco.gob.mx\/nodos\/wp-content\/uploads\/2026\/01\/NODOS_BANNERWEB_02DIC25_WEB-1400x400-1-scaled.jpg) !important;background-position:center center !important;background-repeat:no-repeat !important;background-size:60% !important;min-height:410px !important;align-items:center !important;padding-top:var(--stk--preset--spacing--70, 3.38rem) !important;padding-right:var(--stk--preset--spacing--70, 3.38rem) !important;padding-bottom:var(--stk--preset--spacing--70, 3.38rem) !important;padding-left:var(--stk--preset--spacing--70, 3.38rem) !important;margin-bottom:0px !important;display:flex !important;}.stk-948158f:before{background-color:#00000000 !important;opacity:0.5 !important;}.stk-948158f-column{justify-content:center !important;}@media screen and (max-width:999px){.stk-948158f {background-repeat:no-repeat !important;background-size:cover !important;}}<\/style><div class=\"stk-row stk-inner-blocks has-text-align-center stk--block-align-948158f stk-block-content stk-content-align stk-948158f-column stk--flex alignwide\"><\/div><\/div>\n\n\n<section class=\"revista-list alignwide\" aria-label=\"Art\u00edculos de la edici\u00f3n\"><article class=\"rev-item\"><div class=\"rev-wrap\"><aside class=\"rev-rail\"><a class=\"chip\" href=\"https:\/\/contravirtual.jalisco.gob.mx\/nodos\/tag\/liderazgos-femeninos\/\">liderazgos femeninos<\/a><\/aside><div class=\"rev-main\"><div class=\"rev-meta\"><span class=\"rev-auth\">Mar\u00eda Teresa Brito Serrano<\/span><span class=\"rev-bar\">|<\/span><span class=\"rev-issue\">Editorial<\/span><\/div><h2 class=\"rev-title\"><a href=\"https:\/\/contravirtual.jalisco.gob.mx\/nodos\/article\/editorial-nodos-05\/\">Editorial. Nodos 05.<\/a><\/h2><p class=\"rev-excerpt\">Hannah Arendt precisa que nos revelamos unos a otros a trav\u00e9s de acciones y palabras en el \u00e1mbito p\u00fablico, pero este no es un territorio neutral ni est\u00e1tico; en \u00e9l se discute la raz\u00f3n, la \u00e9tica, el deber ser y el futuro de las sociedades. Hoy, la presencia de las mujeres en las estructuras de poder es una realidad y, con ello, las corrientes de pensamiento se enriquecen y se nutren de la perspectiva femenina. La administraci\u00f3n p\u00fablica, la iniciativa privada, la sociedad civil organizada, las ciencias y las artes, no se pueden entender ahora sin las aportaciones de las\u2026 <a class=\"rev-leer\" href=\"https:\/\/contravirtual.jalisco.gob.mx\/nodos\/article\/editorial-nodos-05\/\">Leer<\/a><\/p><\/div><\/div><\/article><article class=\"rev-item\"><hr class=\"rev-div\" \/><div class=\"rev-wrap\"><aside class=\"rev-rail\"><a class=\"chip\" href=\"https:\/\/contravirtual.jalisco.gob.mx\/nodos\/tag\/administracion-publica\/\">administraci\u00f3n p\u00fablica<\/a><a class=\"chip\" href=\"https:\/\/contravirtual.jalisco.gob.mx\/nodos\/tag\/gestion-hospitalaria\/\">gesti\u00f3n hospitalaria<\/a><a class=\"chip\" href=\"https:\/\/contravirtual.jalisco.gob.mx\/nodos\/tag\/liderazgos-femeninos\/\">liderazgos femeninos<\/a><\/aside><div class=\"rev-main\"><div class=\"rev-meta\"><span class=\"rev-auth\">Mar\u00eda Elena Gonz\u00e1lez Gonz\u00e1lez<\/span><span class=\"rev-bar\">|<\/span><span class=\"rev-issue\">Nodos<\/span><\/div><h2 class=\"rev-title\"><a href=\"https:\/\/contravirtual.jalisco.gob.mx\/nodos\/article\/gestion-hospitalaria-etica-y-perspectiva-de-genero\/\">Gesti\u00f3n hospitalaria, \u00e9tica y perspectiva de g\u00e9nero<\/a><\/h2><p class=\"rev-excerpt\">En los tiempos recientes, la participaci\u00f3n de las mujeres en la vida p\u00fablica est\u00e1 avanzando de forma sostenida y significativa, lo que conlleva un cambio profundo en varias dimensiones socioculturales, pol\u00edticas y econ\u00f3micas, y la gesti\u00f3n de la salud no ha sido la excepci\u00f3n. La gesti\u00f3n hospitalaria con perspectiva de g\u00e9nero incide en la toma de decisiones, en posiciones de liderazgo y en la conducci\u00f3n de instituciones p\u00fablicas, lo que ha enriquecido el \u00e1mbito con nuevos valores: empat\u00eda, cooperaci\u00f3n, inclusi\u00f3n, equidad, responsabilidad, perspectiva, resiliencia y gesti\u00f3n del cambio, haci\u00e9ndolo m\u00e1s transparente, justo, \u00e9tico y centrado en las personas. Sin embargo,\u2026 <a class=\"rev-leer\" href=\"https:\/\/contravirtual.jalisco.gob.mx\/nodos\/article\/gestion-hospitalaria-etica-y-perspectiva-de-genero\/\">Leer<\/a><\/p><\/div><\/div><\/article><article class=\"rev-item\"><hr class=\"rev-div\" \/><div class=\"rev-wrap\"><aside class=\"rev-rail\"><a class=\"chip\" href=\"https:\/\/contravirtual.jalisco.gob.mx\/nodos\/tag\/integridad-institucional\/\">integridad institucional<\/a><\/aside><div class=\"rev-main\"><div class=\"rev-meta\"><span class=\"rev-auth\">Mirna Aide\u00e9 Avil\u00e9s Mis<\/span><span class=\"rev-bar\">|<\/span><span class=\"rev-issue\">Nodos<\/span><\/div><h2 class=\"rev-title\"><a href=\"https:\/\/contravirtual.jalisco.gob.mx\/nodos\/article\/no-somos-muchas-somos-decisivas-las-mujeres-en-la-ingenieria-civil\/\">No somos muchas, somos decisivas: las mujeres en la ingenier\u00eda civil<\/a><\/h2><p class=\"rev-excerpt\">En ingenier\u00eda civil sabemos que toda estructura surge de un an\u00e1lisis fundamental sobre el tipo de suelo sobre el que se va a cimentar. No basta el c\u00e1lculo perfecto si la base es d\u00e9bil. Esa ense\u00f1anza, que es t\u00e9cnica, tambi\u00e9n es \u00e9tica y humana; ha acompa\u00f1ado mi trayectoria y la de muchas colegas que compartimos una convicci\u00f3n: construir en terreno firme no s\u00f3lo es una exigencia estructural, es una forma de estar en el mundo, de ejercer el liderazgo y de servir a la comunidad. Como ingeniera, he visto c\u00f3mo la base colegiada, esa que une a profesionistas de distintas\u2026 <a class=\"rev-leer\" href=\"https:\/\/contravirtual.jalisco.gob.mx\/nodos\/article\/no-somos-muchas-somos-decisivas-las-mujeres-en-la-ingenieria-civil\/\">Leer<\/a><\/p><\/div><\/div><\/article><article class=\"rev-item\"><hr class=\"rev-div\" \/><div class=\"rev-wrap\"><aside class=\"rev-rail\"><a class=\"chip\" href=\"https:\/\/contravirtual.jalisco.gob.mx\/nodos\/tag\/liderazgos-femeninos\/\">liderazgos femeninos<\/a><a class=\"chip\" href=\"https:\/\/contravirtual.jalisco.gob.mx\/nodos\/tag\/periodismo\/\">periodismo<\/a><\/aside><div class=\"rev-main\"><div class=\"rev-meta\"><span class=\"rev-auth\">Claudia Rebeca Reynoso Madrigal<\/span><span class=\"rev-bar\">|<\/span><span class=\"rev-issue\">Nodos<\/span><\/div><h2 class=\"rev-title\"><a href=\"https:\/\/contravirtual.jalisco.gob.mx\/nodos\/article\/periodismo-con-perspectiva-de-genero-ampliar-los-margenes-de-la-democracia\/\">Periodismo con perspectiva de g\u00e9nero: ampliar los m\u00e1rgenes de la democracia<\/a><\/h2><p class=\"rev-excerpt\">Durante a\u00f1os, el periodismo se present\u00f3 como un oficio neutral, objetivo y masculino. Su voz predominante fue la del reportero que miraba el mundo desde afuera, convencido de que la distancia era sin\u00f3nimo de rigor. Sin embargo, esa neutralidad era m\u00e1s bien una perspectiva \u00fanica, disfrazada de universalidad. Las mujeres, en cambio, irrumpieron el periodismo cuestionando esa mirada: demostraron que el punto de vista tambi\u00e9n tiene g\u00e9nero, clase y contexto, y que el compromiso con la verdad no se opone al compromiso con la justicia. En la actualidad, el periodismo con perspectiva de g\u00e9nero no solo busca visibilizar a las\u2026 <a class=\"rev-leer\" href=\"https:\/\/contravirtual.jalisco.gob.mx\/nodos\/article\/periodismo-con-perspectiva-de-genero-ampliar-los-margenes-de-la-democracia\/\">Leer<\/a><\/p><\/div><\/div><\/article><article class=\"rev-item\"><hr class=\"rev-div\" \/><div class=\"rev-wrap\"><aside class=\"rev-rail\"><a class=\"chip\" href=\"https:\/\/contravirtual.jalisco.gob.mx\/nodos\/tag\/iniciativa-privada\/\">iniciativa privada<\/a><a class=\"chip\" href=\"https:\/\/contravirtual.jalisco.gob.mx\/nodos\/tag\/integridad-institucional\/\">integridad institucional<\/a><a class=\"chip\" href=\"https:\/\/contravirtual.jalisco.gob.mx\/nodos\/tag\/participacion-femenina\/\">participaci\u00f3n femenina<\/a><\/aside><div class=\"rev-main\"><div class=\"rev-meta\"><span class=\"rev-auth\">Mar\u00eda Rosario Mendoza Verduzco<\/span><span class=\"rev-bar\">|<\/span><span class=\"rev-issue\">Nodos<\/span><\/div><h2 class=\"rev-title\"><a href=\"https:\/\/contravirtual.jalisco.gob.mx\/nodos\/article\/liderazgos-femeninos-iniciativa-privada-y-transformacion-social\/\">Liderazgos femeninos, iniciativa privada y transformaci\u00f3n social<\/a><\/h2><p class=\"rev-excerpt\">En M\u00e9xico, las mujeres hemos recorrido un largo camino para abrirnos paso en los espacios donde se toman decisiones, se construye comunidad y se define el rumbo de la sociedad. Durante siglos, esos espacios estuvieron dominados por una sola voz: la masculina. Sin embargo, en las \u00faltimas d\u00e9cadas, la mirada femenina ha producido transformaciones en todos los \u00e1mbitos, desde la pol\u00edtica hasta el arte, desde la ciencia hasta la empresa. Hoy, nuestra participaci\u00f3n no se limita a ocupar un cargo o dirigir una organizaci\u00f3n. Las mujeres estamos transformando la manera de entender el liderazgo: hemos reemplazado la l\u00f3gica de la\u2026 <a class=\"rev-leer\" href=\"https:\/\/contravirtual.jalisco.gob.mx\/nodos\/article\/liderazgos-femeninos-iniciativa-privada-y-transformacion-social\/\">Leer<\/a><\/p><\/div><\/div><\/article><article class=\"rev-item\"><hr class=\"rev-div\" \/><div class=\"rev-wrap\"><aside class=\"rev-rail\"><a class=\"chip\" href=\"https:\/\/contravirtual.jalisco.gob.mx\/nodos\/tag\/administracion-publica\/\">administraci\u00f3n p\u00fablica<\/a><a class=\"chip\" href=\"https:\/\/contravirtual.jalisco.gob.mx\/nodos\/tag\/integridad-publica\/\">integridad p\u00fablica<\/a><a class=\"chip\" href=\"https:\/\/contravirtual.jalisco.gob.mx\/nodos\/tag\/liderazgos-femeninos\/\">liderazgos femeninos<\/a><\/aside><div class=\"rev-main\"><div class=\"rev-meta\"><span class=\"rev-auth\">Paulina Orozco Barboza<\/span><span class=\"rev-bar\">|<\/span><span class=\"rev-issue\">Vertices<\/span><\/div><h2 class=\"rev-title\"><a href=\"https:\/\/contravirtual.jalisco.gob.mx\/nodos\/article\/hagamos-de-la-igualdad-sustantiva-una-practica-cotidiana\/\">&#8220;Hagamos de la igualdad sustantiva una pr\u00e1ctica cotidiana&#8221; entrevista con Fabiola Raquel Guadalupe Loya Hern\u00e1ndez<\/a><\/h2><p class=\"rev-excerpt\">Fabiola Raquel Guadalupe Loya Hern\u00e1ndez es Secretaria de Igualdad Sustantiva entre Mujeres y Hombres de Jalisco (SISEMH). En 2012 fue diputada local en la LX Legislatura en el Congreso del Estado, donde presidi\u00f3 la Comisi\u00f3n de Equidad de G\u00e9nero. En 2018 fue diputada federal en la LXIV Legislatura del Congreso de la Uni\u00f3n, donde fungi\u00f3 como integrante de las comisiones de Igualdad de G\u00e9nero, Comunicaciones y Transportes. En entrevista para Nodos, Loya Hern\u00e1ndez nos habla del desaf\u00edo que implica consolidar la convivencia pac\u00edfica entre mujeres y hombres, de la redistribuci\u00f3n de las tareas de cuidados, as\u00ed como de las pol\u00edticas\u2026 <a class=\"rev-leer\" href=\"https:\/\/contravirtual.jalisco.gob.mx\/nodos\/article\/hagamos-de-la-igualdad-sustantiva-una-practica-cotidiana\/\">Leer<\/a><\/p><\/div><\/div><\/article><article class=\"rev-item\"><hr class=\"rev-div\" \/><div class=\"rev-wrap\"><aside class=\"rev-rail\"><a class=\"chip\" href=\"https:\/\/contravirtual.jalisco.gob.mx\/nodos\/tag\/administracion-publica\/\">administraci\u00f3n p\u00fablica<\/a><a class=\"chip\" href=\"https:\/\/contravirtual.jalisco.gob.mx\/nodos\/tag\/gestion-publica-municipal\/\">gesti\u00f3n p\u00fablica municipal<\/a><a class=\"chip\" href=\"https:\/\/contravirtual.jalisco.gob.mx\/nodos\/tag\/integridad-institucional\/\">integridad institucional<\/a><\/aside><div class=\"rev-main\"><div class=\"rev-meta\"><span class=\"rev-auth\">Paulina Orozco Barboza<\/span><span class=\"rev-bar\">|<\/span><span class=\"rev-issue\">Vertices<\/span><\/div><h2 class=\"rev-title\"><a href=\"https:\/\/contravirtual.jalisco.gob.mx\/nodos\/article\/hoy-las-mujeres-estan-presentes-en-mas-espacios-de-alto-perfil-politico-y-peso-publico-entrevista-con-neyra-josefa-godoy-rodriguez\/\">&#8220;Hoy, las mujeres est\u00e1n presentes en m\u00e1s espacios de alto perfil pol\u00edtico y peso p\u00fablico&#8221; entrevista con Neyra Josefa Godoy Rodr\u00edguez<\/a><\/h2><p class=\"rev-excerpt\">Neyra Josefa Godoy Rodr\u00edguez es maestra en Pol\u00edticas P\u00fablicas y licenciada en Estudios Pol\u00edticos y Gobierno por la Universidad de Guadalajara, adem\u00e1s de contar con una maestr\u00eda en Contralor\u00eda Gubernamental por el Centro Universitario de Guanajuato. Actualmente es la presidenta del Comit\u00e9 de Participaci\u00f3n Social y del Comit\u00e9 Coordinador del Sistema Estatal Anticorrupci\u00f3n. En esta entrevista para Nodos, nos comparte las claves para el buen gobierno y la inhibici\u00f3n de la corrupci\u00f3n, como es la armonizaci\u00f3n de esta lucha entre gobiernos municipales, estatales y el nacional, as\u00ed como la aplicaci\u00f3n de las pol\u00edticas p\u00fablicas en este \u00e1mbito y el blindaje\u2026 <a class=\"rev-leer\" href=\"https:\/\/contravirtual.jalisco.gob.mx\/nodos\/article\/hoy-las-mujeres-estan-presentes-en-mas-espacios-de-alto-perfil-politico-y-peso-publico-entrevista-con-neyra-josefa-godoy-rodriguez\/\">Leer<\/a><\/p><\/div><\/div><\/article><article class=\"rev-item\"><hr class=\"rev-div\" \/><div class=\"rev-wrap\"><aside class=\"rev-rail\"><a class=\"chip\" href=\"https:\/\/contravirtual.jalisco.gob.mx\/nodos\/tag\/liderazgos-femeninos\/\">liderazgos femeninos<\/a><a class=\"chip\" href=\"https:\/\/contravirtual.jalisco.gob.mx\/nodos\/tag\/participacion-ciudadana\/\">participaci\u00f3n ciudadana<\/a><\/aside><div class=\"rev-main\"><div class=\"rev-meta\"><span class=\"rev-auth\">Marcela Leticia L\u00f3pez Serna<\/span><span class=\"rev-bar\">|<\/span><span class=\"rev-issue\">Intersecci\u00f3n<\/span><\/div><h2 class=\"rev-title\"><a href=\"https:\/\/contravirtual.jalisco.gob.mx\/nodos\/article\/feminismos-y-politica-en-mexico\/\">Feminismos y pol\u00edtica en M\u00e9xico<\/a><\/h2><p class=\"rev-excerpt\">Libro: Los feminismos en M\u00e9xico: reflexiones anal\u00edticas sobre su potencia hist\u00f3rica y pol\u00edtica. Martha Erika P\u00e9rez Dom\u00ednguez, Pilar God\u00ednez Mej\u00eda y Miguel \u00c1ngel Ram\u00edrez Zaragoza (coords.) (2023). La valoraci\u00f3n del lugar de las mujeres en el mundo ha progresado a ra\u00edz de que las luchas feministas denunciaron las desigualdades y reclamaran la ocupaci\u00f3n de un espacio justo, de dignidad y respeto a sus derechos. Si bien, de la \u00e9poca de Olympe de Gouges a la fecha, ha transcurrido mucho tiempo, nuestras condiciones a\u00fan no son las m\u00e1s \u00f3ptimas. Por ello, hablar de feminismo desde la pluralidad anal\u00edtica que supone este\u2026 <a class=\"rev-leer\" href=\"https:\/\/contravirtual.jalisco.gob.mx\/nodos\/article\/feminismos-y-politica-en-mexico\/\">Leer<\/a><\/p><\/div><\/div><\/article><article class=\"rev-item\"><hr class=\"rev-div\" \/><div class=\"rev-wrap\"><aside class=\"rev-rail\"><a class=\"chip\" href=\"https:\/\/contravirtual.jalisco.gob.mx\/nodos\/tag\/administracion-publica\/\">administraci\u00f3n p\u00fablica<\/a><a class=\"chip\" href=\"https:\/\/contravirtual.jalisco.gob.mx\/nodos\/tag\/liderazgos-femeninos\/\">liderazgos femeninos<\/a><\/aside><div class=\"rev-main\"><div class=\"rev-meta\"><span class=\"rev-auth\">Roc\u00edo Selene Aceves Ram\u00edrez<\/span><span class=\"rev-bar\">|<\/span><span class=\"rev-issue\">Intersecci\u00f3n<\/span><\/div><h2 class=\"rev-title\"><a href=\"https:\/\/contravirtual.jalisco.gob.mx\/nodos\/article\/retos-para-la-implementacion-de-politicas-de-igualdad\/\">Retos para la implementaci\u00f3n de pol\u00edticas de igualdad<\/a><\/h2><p class=\"rev-excerpt\">Libro: Supervivencia de las pol\u00edticas de igualdad. Entre la funci\u00f3n p\u00fablica y los partidos pol\u00edticos. Soledad Murillo (Ed. Comares, 2024). En M\u00e9xico las mujeres representan 51.7% de la poblaci\u00f3n, seg\u00fan el INEGI, lo que significa que por cada 100 mujeres hay 95 hombres. No obstante, los asuntos relacionados con la \u201cmayor\u00eda de la poblaci\u00f3n\u201d se siguen asociando a un colectivo con \u201cproblemas\u201d. En este sentido, Soledad Murillo \u2013en su libro Supervivencia de las pol\u00edticas de igualdad. Entre la funci\u00f3n p\u00fablica y los partidos pol\u00edticos\u2013 detalla los vaivenes para la generaci\u00f3n e implementaci\u00f3n de pol\u00edticas de igualdad. Si bien, para ello\u2026 <a class=\"rev-leer\" href=\"https:\/\/contravirtual.jalisco.gob.mx\/nodos\/article\/retos-para-la-implementacion-de-politicas-de-igualdad\/\">Leer<\/a><\/p><\/div><\/div><\/article><article class=\"rev-item\"><hr class=\"rev-div\" \/><div class=\"rev-wrap\"><aside class=\"rev-rail\"><a class=\"chip\" href=\"https:\/\/contravirtual.jalisco.gob.mx\/nodos\/tag\/liderazgos-femeninos\/\">liderazgos femeninos<\/a><\/aside><div class=\"rev-main\"><div class=\"rev-meta\"><span class=\"rev-auth\">Mar\u00eda Guadalupe Morf\u00edn Otero<\/span><span class=\"rev-bar\">|<\/span><span class=\"rev-issue\">Punto final<\/span><\/div><h2 class=\"rev-title\"><a href=\"https:\/\/contravirtual.jalisco.gob.mx\/nodos\/article\/por-que-escribo\/\">Por qu\u00e9 escribo<\/a><\/h2><p class=\"rev-excerpt\">Soy torpe para las cosas de la electricidad. Me dan miedo los cables y sus toques no s\u00e9 inaugurar l\u00e1mparasy acaso con trabajos puedo cambiar un focoy conectar un enchufe a la pared. Escribo porque no hallo otra manera de encender la luzla m\u00eda m\u00ednimaesa de luci\u00e9rnaga desubicadade planeta, de patria, de lengua. Pero no de quereres.Ah\u00ed bien s\u00e9 en d\u00f3nde estoy sembrada. En lo del coraz\u00f3n entiendo de laberintos huertos, hondonadas y planiciesplayas y lechos de r\u00edo. Escribo por el misterio del rosal franc\u00e9sque da flor en la rama trasplantadahace unos d\u00edassin m\u00e1s ra\u00edz que mi empe\u00f1opor darle cobijo\u2026 <a class=\"rev-leer\" href=\"https:\/\/contravirtual.jalisco.gob.mx\/nodos\/article\/por-que-escribo\/\">Leer<\/a><\/p><\/div><\/div><\/article><\/section>\n","protected":false},"excerpt":{"rendered":"","protected":false},"author":1,"featured_media":0,"parent":0,"menu_order":0,"comment_status":"closed","ping_status":"closed","template":"","meta":{"iawp_total_views":293,"footnotes":""},"class_list":["post-305","page","type-page","status-publish","hentry"],"blocksy_meta":{"disable_header":"no","disable_footer":"no","page_structure_type":"type-4","has_hero_section":"enabled","styles_descriptor":{"styles":{"desktop":"[data-prefix=\"single_page\"] .entry-header .page-title {--theme-font-size:30px;} [data-prefix=\"single_page\"] .entry-header .entry-meta {--theme-font-weight:600;--theme-text-transform:uppercase;--theme-font-size:12px;--theme-line-height:1.3;} [data-prefix=\"single_page\"] .hero-section[data-type=\"type-1\"] {--alignment:center;--margin-bottom:0px;}","tablet":"","mobile":""},"google_fonts":[],"version":6},"hero_elements":[{"id":"custom_title","enabled":false,"heading_tag":"h1","title":"Inicio","__id":"bpE7JPwhNySSOngH-mact"},{"id":"custom_description","enabled":false,"description_visibility":{"desktop":true,"tablet":true,"mobile":true},"__id":"sjj6RuOXxcKXsGTCIvfmo","hero_item_max_width":"10","hero_item_spacing":"0"},{"id":"custom_meta","enabled":false,"meta_elements":[{"id":"author","enabled":true,"label":"Por","has_author_avatar":"yes","avatar_size":25},{"id":"post_date","enabled":true,"label":"El","date_format_source":"default","date_format":"M j, Y"},{"id":"updated_date","enabled":false,"label":"El","date_format_source":"default","date_format":"M j, Y"},{"id":"categories","enabled":false,"label":"Dentro","style":"simple"},{"id":"comments","enabled":true}],"page_meta_elements":{"joined":true,"articles_count":true,"comments":true},"__id":"sGM87UXMPKDrioC7gXHHp"},{"id":"breadcrumbs","enabled":false,"__id":"SIqKpiIfD9FPyBjEAfcsb"}],"hero_margin":"0px","hero_alignment1":"center","hero_section":"type-1","vertical_spacing_source":"custom","content_area_spacing":"bottom"},"_links":{"self":[{"href":"https:\/\/contravirtual.jalisco.gob.mx\/nodos\/wp-json\/wp\/v2\/pages\/305","targetHints":{"allow":["GET"]}}],"collection":[{"href":"https:\/\/contravirtual.jalisco.gob.mx\/nodos\/wp-json\/wp\/v2\/pages"}],"about":[{"href":"https:\/\/contravirtual.jalisco.gob.mx\/nodos\/wp-json\/wp\/v2\/types\/page"}],"author":[{"embeddable":true,"href":"https:\/\/contravirtual.jalisco.gob.mx\/nodos\/wp-json\/wp\/v2\/users\/1"}],"replies":[{"embeddable":true,"href":"https:\/\/contravirtual.jalisco.gob.mx\/nodos\/wp-json\/wp\/v2\/comments?post=305"}],"version-history":[{"count":25,"href":"https:\/\/contravirtual.jalisco.gob.mx\/nodos\/wp-json\/wp\/v2\/pages\/305\/revisions"}],"predecessor-version":[{"id":1205,"href":"https:\/\/contravirtual.jalisco.gob.mx\/nodos\/wp-json\/wp\/v2\/pages\/305\/revisions\/1205"}],"wp:attachment":[{"href":"https:\/\/contravirtual.jalisco.gob.mx\/nodos\/wp-json\/wp\/v2\/media?parent=305"}],"curies":[{"name":"wp","href":"https:\/\/api.w.org\/{rel}","templated":true}]}}